{"id":2447,"date":"2022-06-01T08:40:19","date_gmt":"2022-06-01T08:40:19","guid":{"rendered":"https:\/\/woenco.crealogica.eu\/aviso-legal\/"},"modified":"2025-05-14T08:52:13","modified_gmt":"2025-05-14T08:52:13","slug":"avis-legal","status":"publish","type":"page","link":"https:\/\/www.woenco.com\/ca\/avis-legal\/","title":{"rendered":"Av\u00eds Legal"},"content":{"rendered":"\t\t<div data-elementor-type=\"wp-page\" data-elementor-id=\"2447\" class=\"elementor elementor-2447 elementor-2444\" data-elementor-post-type=\"page\">\n\t\t\t\t<div class=\"elementor-element elementor-element-3074544c e-flex e-con-boxed e-con e-parent\" data-id=\"3074544c\" data-element_type=\"container\" data-e-type=\"container\">\n\t\t\t\t\t<div class=\"e-con-inner\">\n\t\t\t\t<div class=\"elementor-element elementor-element-4f4f8783 elementor-widget elementor-widget-text-editor\" data-id=\"4f4f8783\" data-element_type=\"widget\" data-e-type=\"widget\" data-widget_type=\"text-editor.default\">\n\t\t\t\t<div class=\"elementor-widget-container\">\n\t\t\t\t\t\t\t\t\t\n<h4>1. DADES IDENTIFICATIVES<\/h4>\n\n<p>En compliment amb el deure d&#8217;informaci\u00f3 recollit en article 10 de la Llei 34\/2002, de 11 de juliol, de Serveis de la Societat de la Informaci\u00f3 i del Comer\u00e7 Electr\u00f2nic, a continuaci\u00f3 es faciliten les seg\u00fcents dades: l&#8217;empresa titular de domini web \u00e9s WORK ENGIN &amp; CONSULT BARCELONA, SL (Des d&#8217;ara WOENCO), amb domicili a aquests efectes en c\/Av. Diagonal 440, 5\u00aa planta &#8211; 08006 Barcelona, nombre de C.I.F .: B-64.568850 inscrita al Registre Mercantil de Barcelona l tom 39.668, foli 114, full n\u00famero B-35.0181, inscripci\u00f3 1\u00aa. Correu electr\u00f2nic de contacte: <a href=\"mailto:info@woenco.com\">info@woenco.com<\/a>\u00a0del lloc web.<\/p>\n\n<h4>2. USUARIS<\/h4>\n\n<p>L&#8217;acc\u00e9s i\/o \u00fas d&#8217;aquest portal de WOENCO atribueix la condici\u00f3 d&#8217;USUARI, que accepta, des d&#8217;aquest acc\u00e9s i\/o \u00fas, les Condicions Generals d&#8217;\u00fas aqu\u00ed reflectides. Les esmentades Condicions s&#8217;aplicaran independentment de les Condicions Generals de Contractaci\u00f3 que si escau resultin d&#8217;obligat compliment.<\/p>\n\n<h4>3. \u00daS DEL PORTAL<\/h4>\n\n<p>http:\/\/www.woenco.com\/ proporciona l&#8217;acc\u00e9s a multitud d&#8217;informacions, serveis, programes o dades (des d&#8217;ara, &#8220;els continguts&#8221;) a Internet pertanyents a WOENCO o als seus llicenciants als quals l&#8217;USUARI pugui tenir acc\u00e9s. L&#8217;usuari assumeix la responsabilitat de l&#8217;\u00fas del portal. Aquesta responsabilitat s&#8217;est\u00e9n al registre que fos necessari per accedir a determinats serveis o continguts. En aquest registre l&#8217;USUARI ser\u00e0 responsable d&#8217;aportar informaci\u00f3 vera\u00e7 i l\u00edcita. Com a conseq\u00fc\u00e8ncia d&#8217;aquest registre, a l&#8217;USUARI se li pot proporcionar una contrasenya de la qual ser\u00e0 responsable, comprometent-se a fer un \u00fas diligent i confidencial de la mateixa. L&#8217;usuari es compromet a fer un \u00fas adequat dels continguts i serveis (com per exemple serveis de xat, f\u00f2rums de discussi\u00f3 o grups de not\u00edcies) que Nom de l&#8217;empresa creadora del lloc web ofereix a trav\u00e9s del seu portal i amb car\u00e0cter enunciatiu per\u00f2 no limitador, a no emprar-los per (i) inc\u00f3rrer en activitats il\u00b7l\u00edcites, il\u00b7legals o contr\u00e0ries a la bona fe ia l&#8217;ordre p\u00fablic; (Ii) difondre continguts o propaganda de car\u00e0cter racista, xen\u00f2fob, pornogr\u00e0fic-il\u00b7legal, d&#8217;apologia del terrorisme o que atempti contra els drets humans; (Iii) provocar danys en els sistemes f\u00edsics i l\u00f2gics de Nom de l&#8217;empresa creadora del lloc web, dels seus prove\u00efdors o de terceres persones, introduir o difondre a la xarxa virus inform\u00e0tics o qualssevol altres sistemes f\u00edsics o l\u00f2gics que siguin susceptibles de provocar els danys anteriorment esmentats; (Iv) intentar accedir i, si escau, utilitzar els comptes de correu electr\u00f2nic d&#8217;altres usuaris i modificaro manipular els seus missatges. Nom de l&#8217;empresa creadora del lloc web es reserva el dret de retirar tots aquells comentaris i aportacions que vulnerin el respecte a la dignitat de la persona, que siguin discriminatoris, xen\u00f2fobs, racistes, pornogr\u00e0fics, que atemptin contra la joventut o la inf\u00e0ncia, el ordre o la seguretat p\u00fablica o que, al seu parer, no resultessin adequats per a la seva publicaci\u00f3. En qualsevol cas, WOENCO no ser\u00e0 responsable de les opinions abocades pels usuaris a trav\u00e9s dels f\u00f2rums, xats, o altres eines de participaci\u00f3.<\/p>\n\n<h4>4. PROTECCI\u00d3 DE DADES<\/h4>\n\n<p>WOENCO compleix amb les directrius de la Llei Org\u00e0nica 15\/1999 de 13 de desembre de Protecci\u00f3 de Dades de Car\u00e0cter Personal, el Reial Decret 1720\/2007 de 21 de desembre, pel qual s&#8217;aprova el Reglament de desenvolupament de la Llei Org\u00e0nica i altra normativa vigent en cada moment, i vetlla per garantir un correcte \u00fas i tractament de les dades personals de l&#8217;usuari. Per a aix\u00f2, al costat de cada formulari de recapto de dades de car\u00e0cter personal, en els serveis que l&#8217;usuari pugui sol\u00b7licitar a\u00a0<a href=\"mailto:info@crealogica.com\">info@crealogica.com<\/a>, de fer saber a l&#8217;usuari de l&#8217;exist\u00e8ncia i acceptaci\u00f3 de les condicions particulars del tractament de les seves dades en cada cas, informant de la responsabilitat del fitxer creat, la direcci\u00f3 del responsable, la possibilitat d&#8217;exercir els seus drets d&#8217;acc\u00e9s, rectificaci\u00f3, cancel\u00b7laci\u00f3 o oposici\u00f3, la finalitat del tractament i les comunicacions de dades a tercers si escau.<\/p>\n\n<p>Aix\u00ed mateix, WOENCO informa que d\u00f3na compliment a la Llei 34\/2002 d&#8217;11 de juliol, de Serveis de la Societat de la Informaci\u00f3 i el Comer\u00e7 Electr\u00f2nic i li sol\u00b7licitar\u00e0 el seu consentiment al tractament del seu correu electr\u00f2nic amb fins comercials en cada moment.<\/p>\n\n<h4>5. PROPIETAT INTEL\u00b7LECTUAL I INDUSTRIAL<\/h4>\n\n<p>WOENCO per si o com a cession\u00e0ria, \u00e9s titular de tots els drets de propietat intel\u00b7lectual i industrial de la seva p\u00e0gina web, aix\u00ed com dels elements continguts en la mateixa (a t\u00edtol enunciatiu, imatges, so, \u00e0udio, v\u00eddeo, programari o textos; marques o logotips, combinacions de colors, estructura i disseny, selecci\u00f3 de materials usats, programes d&#8217;ordinador necessaris per al seu funcionament, acc\u00e9s i \u00fas, etc.), titularitat de WOENCO o b\u00e9 dels seus llicenciants.<\/p>\n\n<p>Tots els drets reservats. En virtut del que disposen els articles 8 i 32.1, par\u00e0graf segon, de la Llei de Propietat Intel\u00b7lectual, queden expressament prohibides la reproducci\u00f3, la distribuci\u00f3 i la comunicaci\u00f3 p\u00fablica, inclosa la modalitat de posada a disposici\u00f3, de la totalitat o part dels continguts d&#8217;aquesta p\u00e0gina web, amb fins comercials, en qualsevol suport i per qualsevol mitj\u00e0 t\u00e8cnic, sense l&#8217;autoritzaci\u00f3 de WOENCO. L&#8217;usuari es compromet a respectar els drets de Propietat Intel\u00b7lectual i Industrial titularitat de WOENCO. Podr\u00e0 visualitzar els elements del portal i fins i tot imprimir-los, copiar-los i emmagatzemar-los al disc dur del seu ordinador o en qualsevol altre suport f\u00edsic sempre que sigui, \u00fanica i exclusivament, per al seu \u00fas personal i privat. L&#8217;usuari haur\u00e0 d&#8217;abstenir-se de suprimir, alterar, eludir o manipular qualsevol dispositiu de protecci\u00f3 o sistema de seguretat que estigu\u00e9s instal\u00b7lat al les p\u00e0gines de WOENCO.<\/p>\n\n<h4>6. EXCLUSI\u00d3 DE GARANTIES I RESPONSABILITAT<\/h4>\n\n<p>WOENCO no es fa responsable, en cap cas, dels danys i perjudicis de qualsevol naturalesa que poguessin ocasionar, a t\u00edtol enunciatiu: errors o omissions en els continguts, falta de disponibilitat del portal o la transmissi\u00f3 de virus o programes maliciosos o lesius en els continguts, tot i haver adoptat totes les mesures tecnol\u00f2giques necess\u00e0ries per evitar-ho.<\/p>\n\n<h4>7. MODIFICACIONS<\/h4>\n\n<p>WOENCO es reserva el dret d&#8217;efectuar sense previ av\u00eds les modificacions que consideri oportunes al seu portal, podent canviar, suprimir o afegir tant els continguts i serveis que es prestin a trav\u00e9s de la mateixa com la forma en qu\u00e8 aquests apareguin presentats o localitzats en seu portal.<\/p>\n\n<h4>8. ENLLA\u00c7OS<\/h4>\n\n<p>En el cas que en http:\/\/www.woenco.com\/ es disposessin enlla\u00e7os o hipervincles cap a altres llocs d&#8217;Internet, WOENCO no exercir\u00e0 cap tipus de control sobre aquests llocs i continguts. En cap cas WOENCO assumir\u00e0 responsabilitat alguna pels continguts d&#8217;algun enlla\u00e7 pertanyent a un lloc web ali\u00e8, ni garantir\u00e0 la disponibilitat t\u00e8cnica, qualitat, fiabilitat, exactitud, amplitud, veracitat, validesa i constitucionalitat de qualsevol material o informaci\u00f3 continguda en cap d&#8217;aquests hipervincles o altres llocs d&#8217;Internet.<\/p>\n\n<p>Igualment la inclusi\u00f3 d&#8217;aquestes connexions externes no implica cap tipus d&#8217;associaci\u00f3, fusi\u00f3 o participaci\u00f3 amb les entitats connectades.<\/p>\n\n<h4>9. DRET D&#8217;EXCLUSI\u00d3<\/h4>\n\n<p>WOENCO es reserva el dret a denegar o retirar l&#8217;acc\u00e9s a portal i \/ o els serveis oferts sense necessitat de preav\u00eds, a inst\u00e0ncia pr\u00f2pia o d&#8217;un tercer, a aquells usuaris que incompleixin les presents Condicions Generals d&#8217;\u00das.<\/p>\n\n<h4>10. GENERALITATS<\/h4>\n\n<p>WOENCO perseguir\u00e0 l&#8217;incompliment de les presents condicions aix\u00ed com qualsevol utilitzaci\u00f3 indeguda del seu portal exercint totes les accions civils i penals que li puguin correspondre en dret.<\/p>\n\n<h4>11. MODIFICACI\u00d3 DE LES PRESENTS CONDICIONS I DURADA<\/h4>\n\n<p>WOENCO podria modificar en qualsevol moment les condicions aqu\u00ed determinades, sent degudament publicades com aqu\u00ed apareixen.<\/p>\n\n<p>La vig\u00e8ncia de les citades condicions anir\u00e0 en funci\u00f3 de la seva exposici\u00f3 i estaran vigents fins degudament publicades, que siguin modificades per unes altres.<\/p>\n\n<h4>12. LEGISLACI\u00d3 APLICABLE I JURISDICCI\u00d3<\/h4>\n\n<p>La relaci\u00f3 entre WOENCO i l&#8217;USUARI es regir\u00e0 per la normativa espanyola vigent i qualsevol controv\u00e8rsia se sotmetr\u00e0 als Jutjats i tribunals de la ciutat de Barcelona.<\/p>\n\t\t\t\t\t\t\t\t<\/div>\n\t\t\t\t<\/div>\n\t\t\t\t\t<\/div>\n\t\t\t\t<\/div>\n\t\t\t\t<\/div>\n\t\t","protected":false},"excerpt":{"rendered":"<p>1. DADES IDENTIFICATIVES En compliment amb el deure d&#8217;informaci\u00f3 recollit en article 10 de la Llei 34\/2002, de 11 de juliol, de Serveis de la Societat de la Informaci\u00f3 i del Comer\u00e7 Electr\u00f2nic, a continuaci\u00f3 es faciliten les seg\u00fcents dades: l&#8217;empresa titular de domini web \u00e9s WORK ENGIN &amp; CONSULT BARCELONA, SL (Des d&#8217;ara WOENCO), [&hellip;]<\/p>\n","protected":false},"author":2,"featured_media":0,"parent":0,"menu_order":0,"comment_status":"closed","ping_status":"closed","template":"","meta":{"footnotes":""},"class_list":["post-2447","page","type-page","status-publish","hentry"],"_links":{"self":[{"href":"https:\/\/www.woenco.com\/ca\/wp-json\/wp\/v2\/pages\/2447","targetHints":{"allow":["GET"]}}],"collection":[{"href":"https:\/\/www.woenco.com\/ca\/wp-json\/wp\/v2\/pages"}],"about":[{"href":"https:\/\/www.woenco.com\/ca\/wp-json\/wp\/v2\/types\/page"}],"author":[{"embeddable":true,"href":"https:\/\/www.woenco.com\/ca\/wp-json\/wp\/v2\/users\/2"}],"replies":[{"embeddable":true,"href":"https:\/\/www.woenco.com\/ca\/wp-json\/wp\/v2\/comments?post=2447"}],"version-history":[{"count":4,"href":"https:\/\/www.woenco.com\/ca\/wp-json\/wp\/v2\/pages\/2447\/revisions"}],"predecessor-version":[{"id":3121,"href":"https:\/\/www.woenco.com\/ca\/wp-json\/wp\/v2\/pages\/2447\/revisions\/3121"}],"wp:attachment":[{"href":"https:\/\/www.woenco.com\/ca\/wp-json\/wp\/v2\/media?parent=2447"}],"curies":[{"name":"wp","href":"https:\/\/api.w.org\/{rel}","templated":true}]}}